{"id":21526,"date":"2023-11-07T22:50:37","date_gmt":"2023-11-07T21:50:37","guid":{"rendered":"https:\/\/www.pandalasocks.at\/?page_id=21526"},"modified":"2025-05-02T10:33:57","modified_gmt":"2025-05-02T08:33:57","slug":"ueber-uns","status":"publish","type":"page","link":"https:\/\/www.pandalas.at\/staging\/ueber-uns\/","title":{"rendered":"\u00dcBER UNS"},"content":{"rendered":"[et_pb_section fb_built=&#8221;1&#8243; admin_label=&#8221;section&#8221; _builder_version=&#8221;4.16&#8243; global_colors_info=&#8221;{}&#8221;][et_pb_row column_structure=&#8221;1_3,1_3,1_3&#8243; _builder_version=&#8221;4.22.2&#8243; _module_preset=&#8221;default&#8221; width=&#8221;100%&#8221; max_width=&#8221;1350px&#8221; custom_padding=&#8221;10px|10px|10px|10px|true|true&#8221; global_colors_info=&#8221;{}&#8221;][et_pb_column type=&#8221;1_3&#8243; _builder_version=&#8221;4.22.2&#8243; _module_preset=&#8221;default&#8221; global_colors_info=&#8221;{}&#8221;][et_pb_image src=&#8221;https:\/\/www.pandalas.at\/wp-content\/uploads\/2023\/11\/Pandalas-Werte-Fair-DE.jpg&#8221; title_text=&#8221;Pandalas Werte Fair-DE&#8221; _builder_version=&#8221;4.22.2&#8243; _module_preset=&#8221;default&#8221; module_alignment=&#8221;center&#8221; custom_margin=&#8221;auto|auto|auto|auto|true|true&#8221; custom_padding=&#8221;||||false|false&#8221; module_alignment_tablet=&#8221;center&#8221; module_alignment_phone=&#8221;right&#8221; module_alignment_last_edited=&#8221;on|phone&#8221; global_colors_info=&#8221;{}&#8221;][\/et_pb_image][\/et_pb_column][et_pb_column type=&#8221;1_3&#8243; _builder_version=&#8221;4.22.2&#8243; _module_preset=&#8221;default&#8221; global_colors_info=&#8221;{}&#8221;][et_pb_image src=&#8221;https:\/\/www.pandalas.at\/wp-content\/uploads\/2023\/11\/Pandalas-Werte-Oekologisch-DE.jpg&#8221; title_text=&#8221;Pandalas Werte \u00d6kologisch-DE&#8221; _builder_version=&#8221;4.22.2&#8243; _module_preset=&#8221;default&#8221; global_colors_info=&#8221;{}&#8221;][\/et_pb_image][\/et_pb_column][et_pb_column type=&#8221;1_3&#8243; _builder_version=&#8221;4.22.2&#8243; _module_preset=&#8221;default&#8221; global_colors_info=&#8221;{}&#8221;][et_pb_image src=&#8221;https:\/\/www.pandalas.at\/wp-content\/uploads\/2023\/11\/Stylisch-small.jpg&#8221; title_text=&#8221;Pandalas Werte Stylisch&#8221; _builder_version=&#8221;4.22.2&#8243; _module_preset=&#8221;default&#8221; global_colors_info=&#8221;{}&#8221;][\/et_pb_image][\/et_pb_column][\/et_pb_row][et_pb_row admin_label=&#8221;row&#8221; _builder_version=&#8221;4.22.2&#8243; background_size=&#8221;initial&#8221; background_position=&#8221;top_left&#8221; background_repeat=&#8221;repeat&#8221; width=&#8221;100%&#8221; max_width=&#8221;1376px&#8221; min_height=&#8221;375px&#8221; custom_margin=&#8221;||-60px||false|false&#8221; custom_padding=&#8221;|10px||10px|false|true&#8221; global_colors_info=&#8221;{}&#8221;][et_pb_column type=&#8221;4_4&#8243; _builder_version=&#8221;4.16&#8243; custom_padding=&#8221;|||&#8221; global_colors_info=&#8221;{}&#8221; custom_padding__hover=&#8221;|||&#8221;][et_pb_heading title=&#8221;\u00dcBER UNS&#8221; _builder_version=&#8221;4.22.2&#8243; _module_preset=&#8221;default&#8221; title_text_align=&#8221;left&#8221; title_font_size=&#8221;24px&#8221; title_text_align_tablet=&#8221;left&#8221; title_text_align_phone=&#8221;center&#8221; title_text_align_last_edited=&#8221;on|phone&#8221; global_colors_info=&#8221;{}&#8221;][\/et_pb_heading][et_pb_text admin_label=&#8221;Text&#8221; _builder_version=&#8221;4.22.2&#8243; text_font=&#8221;Albert Sans|300|||||||&#8221; text_text_color=&#8221;#000000&#8243; text_font_size=&#8221;18px&#8221; background_size=&#8221;initial&#8221; background_position=&#8221;top_left&#8221; background_repeat=&#8221;repeat&#8221; global_colors_info=&#8221;{}&#8221;]<p>Wir sind ein \u00f6sterreichisches Unternehmen, dass es sich zur Aufgabe gemacht hat Gesundheitsf\u00f6rderung mit modischen Aspekten zu vereinen. Konkret sind unsere Leidenschaft das Designen modischer und farbenfroher St\u00fctzstr\u00fcmpfe und Kompressionssocken f\u00fcr Alltag, Freizeit und Sport.<\/p>\n<p>Denn wir sind der Meinung, dass es viel mehr Freude macht, seinem K\u00f6rper &#8220;Gutes zu tun&#8221;, wenn man dabei keinen Kompromiss mit Mode und Passform schlie\u00dfen muss. Daher kennen und begleiten wir jeden Schritt in unserem Design- und Herstellungsprozess. Wir designen unsere Modelle selbst oder arbeiten mit Jungdesignern zusammen. Bei der Herstellung achten wir auf hohe Qualit\u00e4t und echte &#8211; gemessene &#8211; graduierte Kompression innerhalb Europas. Bei den Materialien legen wir Wert auf einen hohen Anteil an Naturfasern wie Bio-Baumwolle, Bambusfaser, Wolle oder Baumwolle.\u00a0<\/p>\n<p><\/p>[\/et_pb_text][\/et_pb_column][\/et_pb_row][et_pb_row column_structure=&#8221;3_4,1_4&#8243; _builder_version=&#8221;4.22.2&#8243; _module_preset=&#8221;default&#8221; width=&#8221;100%&#8221; max_width=&#8221;1376px&#8221; min_height=&#8221;507px&#8221; global_colors_info=&#8221;{}&#8221;][et_pb_column type=&#8221;3_4&#8243; _builder_version=&#8221;4.22.2&#8243; _module_preset=&#8221;default&#8221; global_colors_info=&#8221;{}&#8221;][et_pb_heading title=&#8221;QUALIT\u00c4T IST UNS WICHTIG&#8221; _builder_version=&#8221;4.22.2&#8243; _module_preset=&#8221;default&#8221; title_text_align=&#8221;left&#8221; title_font_size=&#8221;24px&#8221; module_alignment=&#8221;center&#8221; title_text_align_tablet=&#8221;left&#8221; title_text_align_phone=&#8221;center&#8221; title_text_align_last_edited=&#8221;on|phone&#8221; module_alignment_tablet=&#8221;center&#8221; module_alignment_phone=&#8221;center&#8221; module_alignment_last_edited=&#8221;on|phone&#8221; global_colors_info=&#8221;{}&#8221;][\/et_pb_heading][et_pb_text _builder_version=&#8221;4.22.2&#8243; _module_preset=&#8221;default&#8221; text_font=&#8221;Albert Sans|300|||||||&#8221; text_font_size=&#8221;18px&#8221; custom_padding=&#8221;||||false|false&#8221; custom_padding_tablet=&#8221;||||false|false&#8221; custom_padding_phone=&#8221;|10px||10px|false|true&#8221; custom_padding_last_edited=&#8221;on|phone&#8221; global_colors_info=&#8221;{}&#8221;]<p>Wir garantieren Qualit\u00e4t! Unsere langj\u00e4hrige Erfahrung vereint mit der Leidenschaft f\u00fcr Mode tragen zu unserem hochqualitativen und einzigartigen Pandalas Produktsortiment bei.<\/p>\n<p>Die gesamte Produktlinie ist getestet auf Schadstoffe in Textilien in \u00dcbereinstimmung mit den <strong>\u00d6ko-Tex Standard 100. <\/strong>Der Standard f\u00fcr den internationalen Verband f\u00fcr Forschung und Pr\u00fcfung im Bereich \u00d6kologie in der Textilindustrie, ist eins der wichtigsten Merkmale von Kompressionsstr\u00fcmpfen. Die Existenz dieses Standards bedeutet, dass <strong>alle Pandala Socks Produkte nur umweltfreundliche Stoffe f\u00fcr den menschlichen K\u00f6rper enthalten<\/strong>, ohne sch\u00e4dliche und potentiell gef\u00e4hrliche Materialien.<\/p>\n<p>Unsere Bio-Baumwoll Modelle werden aus <strong>GOTS zertifizierter Bio-Baumwolle<\/strong> hergestellt und bieten ein besonders angenehmes Tragegef\u00fchl.<\/p>\n<p>Pandalas sind <strong>echte graduierte St\u00fctzstr\u00fcmpfe<\/strong>. Dies bedeutet, dass die Kompression den st\u00e4rksten Druck am Kn\u00f6chel hat und nach oben hin am Bein abnimmt. Die Kompression und der Druckgradient in unseren Str\u00fcmpfen werden mit speziellen Druckpr\u00fcfmaschinen kontrolliert.<\/p>[\/et_pb_text][\/et_pb_column][et_pb_column type=&#8221;1_4&#8243; _builder_version=&#8221;4.22.2&#8243; _module_preset=&#8221;default&#8221; global_colors_info=&#8221;{}&#8221;][et_pb_image src=&#8221;https:\/\/www.pandalas.at\/wp-content\/uploads\/2023\/11\/Qualitaet-e1699216695408.jpg&#8221; title_text=&#8221;Qualit\u00e4t&#8221; show_bottom_space=&#8221;off&#8221; _builder_version=&#8221;4.22.2&#8243; _module_preset=&#8221;default&#8221; custom_margin=&#8221;81px||||false|false&#8221; border_radii=&#8221;on|5px|5px|5px|5px&#8221; global_colors_info=&#8221;{}&#8221;][\/et_pb_image][\/et_pb_column][\/et_pb_row][et_pb_row column_structure=&#8221;1_4,3_4&#8243; _builder_version=&#8221;4.22.2&#8243; _module_preset=&#8221;default&#8221; width=&#8221;100%&#8221; max_width=&#8221;1350px&#8221; min_height=&#8221;293px&#8221; global_colors_info=&#8221;{}&#8221;][et_pb_column type=&#8221;1_4&#8243; _builder_version=&#8221;4.22.2&#8243; _module_preset=&#8221;default&#8221; global_colors_info=&#8221;{}&#8221;][et_pb_image src=&#8221;https:\/\/www.pandalas.at\/wp-content\/uploads\/2023\/11\/Pandalas-Material-.png&#8221; title_text=&#8221;Pandalas Material&#8221; _builder_version=&#8221;4.22.2&#8243; _module_preset=&#8221;default&#8221; custom_margin=&#8221;24px||||false|false&#8221; border_radii=&#8221;on|10px|10px|10px|10px&#8221; global_colors_info=&#8221;{}&#8221;][\/et_pb_image][\/et_pb_column][et_pb_column type=&#8221;3_4&#8243; _builder_version=&#8221;4.22.2&#8243; _module_preset=&#8221;default&#8221; global_colors_info=&#8221;{}&#8221;][et_pb_heading title=&#8221;MATERIAL SPIELT EINE ROLLE&#8221; _builder_version=&#8221;4.22.2&#8243; _module_preset=&#8221;default&#8221; title_font=&#8221;Albert Sans||||||||&#8221; title_text_align=&#8221;left&#8221; title_text_align_tablet=&#8221;left&#8221; title_text_align_phone=&#8221;center&#8221; title_text_align_last_edited=&#8221;on|phone&#8221; title_font_size_tablet=&#8221;&#8221; title_font_size_phone=&#8221;24px&#8221; title_font_size_last_edited=&#8221;on|phone&#8221; global_colors_info=&#8221;{}&#8221;][\/et_pb_heading][et_pb_text _builder_version=&#8221;4.22.2&#8243; _module_preset=&#8221;default&#8221; text_font=&#8221;Albert Sans|300|||||||&#8221; text_font_size=&#8221;18px&#8221; header_text_align=&#8221;right&#8221; module_alignment=&#8221;center&#8221; custom_padding=&#8221;10px|10px|10px|10px|true|true&#8221; header_text_align_tablet=&#8221;right&#8221; header_text_align_phone=&#8221;justify&#8221; header_text_align_last_edited=&#8221;on|phone&#8221; global_colors_info=&#8221;{}&#8221;]<p>Alle Materialien werden von uns sehr sorgf\u00e4ltig ausgew\u00e4hlt, um Dir den besten Komfort und Halt zu bieten. Unsere Pandalas werden aus innovativen, hochwertigen Materialien und Naturfasern hergestellt. Dadurch sind sie atmungsaktiv und sorgen f\u00fcr ein besonders angenehmes Tragegef\u00fchl.<\/p>\n<p>Das Wissen rund um Garne, ihre Eigenschaften und Vorteile ist f\u00fcr uns von wesentlicher Bedeutung, wenn wir neue Produkte entwickeln.<\/p>[\/et_pb_text][\/et_pb_column][\/et_pb_row][\/et_pb_section]<!-- \/wp:post-content -->","protected":false},"excerpt":{"rendered":"<p>[et_pb_section fb_built=&#8221;1&#8243; admin_label=&#8221;section&#8221; _builder_version=&#8221;4.16&#8243; global_colors_info=&#8221;{}&#8221;][et_pb_row column_structure=&#8221;1_3,1_3,1_3&#8243; _builder_version=&#8221;4.22.2&#8243; _module_preset=&#8221;default&#8221; width=&#8221;100%&#8221; max_width=&#8221;1350px&#8221; custom_padding=&#8221;10px|10px|10px|10px|true|true&#8221; global_colors_info=&#8221;{}&#8221;][et_pb_column type=&#8221;1_3&#8243; _builder_version=&#8221;4.22.2&#8243; _module_preset=&#8221;default&#8221; global_colors_info=&#8221;{}&#8221;][et_pb_image src=&#8221;https:\/\/www.pandalas.at\/wp-content\/uploads\/2023\/11\/Pandalas-Werte-Fair-DE.jpg&#8221; title_text=&#8221;Pandalas Werte Fair-DE&#8221; _builder_version=&#8221;4.22.2&#8243; _module_preset=&#8221;default&#8221; module_alignment=&#8221;center&#8221; custom_margin=&#8221;auto|auto|auto|auto|true|true&#8221; custom_padding=&#8221;||||false|false&#8221; module_alignment_tablet=&#8221;center&#8221; module_alignment_phone=&#8221;right&#8221; module_alignment_last_edited=&#8221;on|phone&#8221; global_colors_info=&#8221;{}&#8221;][\/et_pb_image][\/et_pb_column][et_pb_column type=&#8221;1_3&#8243; _builder_version=&#8221;4.22.2&#8243; _module_preset=&#8221;default&#8221; global_colors_info=&#8221;{}&#8221;][et_pb_image src=&#8221;https:\/\/www.pandalas.at\/wp-content\/uploads\/2023\/11\/Pandalas-Werte-Oekologisch-DE.jpg&#8221; title_text=&#8221;Pandalas Werte \u00d6kologisch-DE&#8221; _builder_version=&#8221;4.22.2&#8243; _module_preset=&#8221;default&#8221; global_colors_info=&#8221;{}&#8221;][\/et_pb_image][\/et_pb_column][et_pb_column type=&#8221;1_3&#8243; _builder_version=&#8221;4.22.2&#8243; _module_preset=&#8221;default&#8221; global_colors_info=&#8221;{}&#8221;][et_pb_image src=&#8221;https:\/\/www.pandalas.at\/wp-content\/uploads\/2023\/11\/Stylisch-small.jpg&#8221; title_text=&#8221;Pandalas Werte Stylisch&#8221; _builder_version=&#8221;4.22.2&#8243; _module_preset=&#8221;default&#8221; global_colors_info=&#8221;{}&#8221;][\/et_pb_image][\/et_pb_column][\/et_pb_row][et_pb_row admin_label=&#8221;row&#8221; _builder_version=&#8221;4.22.2&#8243; background_size=&#8221;initial&#8221; background_position=&#8221;top_left&#8221; [&hellip;]<\/p>\n","protected":false},"author":985,"featured_media":0,"parent":0,"menu_order":0,"comment_status":"closed","ping_status":"closed","template":"","meta":{"footnotes":""},"class_list":["post-21526","page","type-page","status-publish","hentry"],"_links":{"self":[{"href":"https:\/\/www.pandalas.at\/staging\/wp-json\/wp\/v2\/pages\/21526","targetHints":{"allow":["GET"]}}],"collection":[{"href":"https:\/\/www.pandalas.at\/staging\/wp-json\/wp\/v2\/pages"}],"about":[{"href":"https:\/\/www.pandalas.at\/staging\/wp-json\/wp\/v2\/types\/page"}],"author":[{"embeddable":true,"href":"https:\/\/www.pandalas.at\/staging\/wp-json\/wp\/v2\/users\/985"}],"replies":[{"embeddable":true,"href":"https:\/\/www.pandalas.at\/staging\/wp-json\/wp\/v2\/comments?post=21526"}],"version-history":[{"count":10,"href":"https:\/\/www.pandalas.at\/staging\/wp-json\/wp\/v2\/pages\/21526\/revisions"}],"predecessor-version":[{"id":23526,"href":"https:\/\/www.pandalas.at\/staging\/wp-json\/wp\/v2\/pages\/21526\/revisions\/23526"}],"wp:attachment":[{"href":"https:\/\/www.pandalas.at\/staging\/wp-json\/wp\/v2\/media?parent=21526"}],"curies":[{"name":"wp","href":"https:\/\/api.w.org\/{rel}","templated":true}]}}